{"id":95,"date":"2022-01-23T15:18:45","date_gmt":"2022-01-23T15:18:45","guid":{"rendered":"https:\/\/planerladen-corona.local\/?page_id=93"},"modified":"2022-01-26T09:48:32","modified_gmt":"2022-01-26T08:48:32","slug":"material","status":"publish","type":"page","link":"https:\/\/www.coronableibt-wasgeht.de\/index.php\/material\/","title":{"rendered":"Material"},"content":{"rendered":"\n<h3 class=\"wp-block-heading\" id=\"material\">Material<\/h3>\n\n\n\n<p>Wir freuen uns, wenn die Kampagne \u00fcber die g\u00e4ngigen Kan\u00e4le geteilt wird. Hier finden Sie Download-Material, das Ihnen das Unterst\u00fctzen leichter machen sollen.<br><br>Links: <br><a href=\"http:\/\/www.coronableibt-wasgeht.de\" target=\"_blank\" rel=\"noreferrer noopener\">www.coronableibt-wasgeht.de<\/a><br><a href=\"http:\/\/www.planerladen.de\" target=\"_blank\" rel=\"noreferrer noopener\">www.planerladen.de<\/a><br><br>Social Media:<br><a href=\"https:\/\/www.instagram.com\/coronableibt_wasgeht\/\" target=\"_blank\" rel=\"noreferrer noopener\">https:\/\/www.instagram.com\/coronableibt_wasgeht\/<\/a><br>#coronableibtwasgeht<br><\/p>\n\n\n\n<p><\/p>\n\n\n\n<figure class=\"wp-block-gallery has-nested-images columns-default is-cropped wp-block-gallery-1 is-layout-flex wp-block-gallery-is-layout-flex\">\n<figure class=\"wp-block-image size-large\"><img loading=\"lazy\" decoding=\"async\" width=\"1024\" height=\"1024\" data-id=\"162\" src=\"https:\/\/www.coronableibt-wasgeht.de\/wp-content\/uploads\/2022\/01\/Planerladen_Socialmedia_Instagram_Systemrelevanz_Galleryslider_3er_01-1024x1024.jpg\" alt=\"\" class=\"wp-image-162\" srcset=\"https:\/\/www.coronableibt-wasgeht.de\/wp-content\/uploads\/2022\/01\/Planerladen_Socialmedia_Instagram_Systemrelevanz_Galleryslider_3er_01-1024x1024.jpg 1024w, https:\/\/www.coronableibt-wasgeht.de\/wp-content\/uploads\/2022\/01\/Planerladen_Socialmedia_Instagram_Systemrelevanz_Galleryslider_3er_01-300x300.jpg 300w, https:\/\/www.coronableibt-wasgeht.de\/wp-content\/uploads\/2022\/01\/Planerladen_Socialmedia_Instagram_Systemrelevanz_Galleryslider_3er_01-150x150.jpg 150w, https:\/\/www.coronableibt-wasgeht.de\/wp-content\/uploads\/2022\/01\/Planerladen_Socialmedia_Instagram_Systemrelevanz_Galleryslider_3er_01-768x768.jpg 768w, https:\/\/www.coronableibt-wasgeht.de\/wp-content\/uploads\/2022\/01\/Planerladen_Socialmedia_Instagram_Systemrelevanz_Galleryslider_3er_01-1536x1536.jpg 1536w, https:\/\/www.coronableibt-wasgeht.de\/wp-content\/uploads\/2022\/01\/Planerladen_Socialmedia_Instagram_Systemrelevanz_Galleryslider_3er_01-2048x2048.jpg 2048w\" sizes=\"auto, (max-width: 1024px) 100vw, 1024px\" \/><\/figure>\n\n\n\n<figure class=\"wp-block-image size-large\"><img loading=\"lazy\" decoding=\"async\" width=\"1024\" height=\"1024\" data-id=\"163\" src=\"https:\/\/www.coronableibt-wasgeht.de\/wp-content\/uploads\/2022\/01\/Planerladen_Socialmedia_Instagram_Systemrelevanz_Galleryslider_3er_02-1024x1024.jpg\" alt=\"\" class=\"wp-image-163\" srcset=\"https:\/\/www.coronableibt-wasgeht.de\/wp-content\/uploads\/2022\/01\/Planerladen_Socialmedia_Instagram_Systemrelevanz_Galleryslider_3er_02-1024x1024.jpg 1024w, https:\/\/www.coronableibt-wasgeht.de\/wp-content\/uploads\/2022\/01\/Planerladen_Socialmedia_Instagram_Systemrelevanz_Galleryslider_3er_02-300x300.jpg 300w, https:\/\/www.coronableibt-wasgeht.de\/wp-content\/uploads\/2022\/01\/Planerladen_Socialmedia_Instagram_Systemrelevanz_Galleryslider_3er_02-150x150.jpg 150w, https:\/\/www.coronableibt-wasgeht.de\/wp-content\/uploads\/2022\/01\/Planerladen_Socialmedia_Instagram_Systemrelevanz_Galleryslider_3er_02-768x768.jpg 768w, https:\/\/www.coronableibt-wasgeht.de\/wp-content\/uploads\/2022\/01\/Planerladen_Socialmedia_Instagram_Systemrelevanz_Galleryslider_3er_02-1536x1536.jpg 1536w, https:\/\/www.coronableibt-wasgeht.de\/wp-content\/uploads\/2022\/01\/Planerladen_Socialmedia_Instagram_Systemrelevanz_Galleryslider_3er_02-2048x2048.jpg 2048w\" sizes=\"auto, (max-width: 1024px) 100vw, 1024px\" \/><\/figure>\n\n\n\n<figure class=\"wp-block-image size-large\"><img loading=\"lazy\" decoding=\"async\" width=\"1024\" height=\"1024\" data-id=\"164\" src=\"https:\/\/www.coronableibt-wasgeht.de\/wp-content\/uploads\/2022\/01\/Planerladen_Socialmedia_Instagram_Systemrelevanz_Galleryslider_3er_03-1024x1024.jpg\" alt=\"\" class=\"wp-image-164\" srcset=\"https:\/\/www.coronableibt-wasgeht.de\/wp-content\/uploads\/2022\/01\/Planerladen_Socialmedia_Instagram_Systemrelevanz_Galleryslider_3er_03-1024x1024.jpg 1024w, https:\/\/www.coronableibt-wasgeht.de\/wp-content\/uploads\/2022\/01\/Planerladen_Socialmedia_Instagram_Systemrelevanz_Galleryslider_3er_03-300x300.jpg 300w, https:\/\/www.coronableibt-wasgeht.de\/wp-content\/uploads\/2022\/01\/Planerladen_Socialmedia_Instagram_Systemrelevanz_Galleryslider_3er_03-150x150.jpg 150w, https:\/\/www.coronableibt-wasgeht.de\/wp-content\/uploads\/2022\/01\/Planerladen_Socialmedia_Instagram_Systemrelevanz_Galleryslider_3er_03-768x768.jpg 768w, https:\/\/www.coronableibt-wasgeht.de\/wp-content\/uploads\/2022\/01\/Planerladen_Socialmedia_Instagram_Systemrelevanz_Galleryslider_3er_03-1536x1536.jpg 1536w, https:\/\/www.coronableibt-wasgeht.de\/wp-content\/uploads\/2022\/01\/Planerladen_Socialmedia_Instagram_Systemrelevanz_Galleryslider_3er_03-2048x2048.jpg 2048w\" sizes=\"auto, (max-width: 1024px) 100vw, 1024px\" \/><\/figure>\n<\/figure>\n\n\n\n<figure class=\"wp-block-gallery has-nested-images columns-default is-cropped wp-block-gallery-2 is-layout-flex wp-block-gallery-is-layout-flex\">\n<figure class=\"wp-block-image size-large\"><img loading=\"lazy\" decoding=\"async\" width=\"1024\" height=\"1024\" data-id=\"167\" src=\"https:\/\/www.coronableibt-wasgeht.de\/wp-content\/uploads\/2022\/01\/Planerladen_Socialmedia_Instagram_Wohnen_Galleryslider_3er_01-2-1024x1024.jpg\" alt=\"\" class=\"wp-image-167\" srcset=\"https:\/\/www.coronableibt-wasgeht.de\/wp-content\/uploads\/2022\/01\/Planerladen_Socialmedia_Instagram_Wohnen_Galleryslider_3er_01-2-1024x1024.jpg 1024w, https:\/\/www.coronableibt-wasgeht.de\/wp-content\/uploads\/2022\/01\/Planerladen_Socialmedia_Instagram_Wohnen_Galleryslider_3er_01-2-300x300.jpg 300w, https:\/\/www.coronableibt-wasgeht.de\/wp-content\/uploads\/2022\/01\/Planerladen_Socialmedia_Instagram_Wohnen_Galleryslider_3er_01-2-150x150.jpg 150w, https:\/\/www.coronableibt-wasgeht.de\/wp-content\/uploads\/2022\/01\/Planerladen_Socialmedia_Instagram_Wohnen_Galleryslider_3er_01-2-768x768.jpg 768w, https:\/\/www.coronableibt-wasgeht.de\/wp-content\/uploads\/2022\/01\/Planerladen_Socialmedia_Instagram_Wohnen_Galleryslider_3er_01-2-1536x1536.jpg 1536w, https:\/\/www.coronableibt-wasgeht.de\/wp-content\/uploads\/2022\/01\/Planerladen_Socialmedia_Instagram_Wohnen_Galleryslider_3er_01-2-2048x2048.jpg 2048w\" sizes=\"auto, (max-width: 1024px) 100vw, 1024px\" \/><\/figure>\n\n\n\n<figure class=\"wp-block-image size-large\"><img loading=\"lazy\" decoding=\"async\" width=\"1024\" height=\"1024\" data-id=\"168\" src=\"https:\/\/www.coronableibt-wasgeht.de\/wp-content\/uploads\/2022\/01\/Planerladen_Socialmedia_Instagram_Wohnen_Galleryslider_3er_02-1024x1024.jpg\" alt=\"\" class=\"wp-image-168\" srcset=\"https:\/\/www.coronableibt-wasgeht.de\/wp-content\/uploads\/2022\/01\/Planerladen_Socialmedia_Instagram_Wohnen_Galleryslider_3er_02-1024x1024.jpg 1024w, https:\/\/www.coronableibt-wasgeht.de\/wp-content\/uploads\/2022\/01\/Planerladen_Socialmedia_Instagram_Wohnen_Galleryslider_3er_02-300x300.jpg 300w, https:\/\/www.coronableibt-wasgeht.de\/wp-content\/uploads\/2022\/01\/Planerladen_Socialmedia_Instagram_Wohnen_Galleryslider_3er_02-150x150.jpg 150w, https:\/\/www.coronableibt-wasgeht.de\/wp-content\/uploads\/2022\/01\/Planerladen_Socialmedia_Instagram_Wohnen_Galleryslider_3er_02-768x768.jpg 768w, https:\/\/www.coronableibt-wasgeht.de\/wp-content\/uploads\/2022\/01\/Planerladen_Socialmedia_Instagram_Wohnen_Galleryslider_3er_02-1536x1536.jpg 1536w, https:\/\/www.coronableibt-wasgeht.de\/wp-content\/uploads\/2022\/01\/Planerladen_Socialmedia_Instagram_Wohnen_Galleryslider_3er_02-2048x2048.jpg 2048w\" sizes=\"auto, (max-width: 1024px) 100vw, 1024px\" \/><\/figure>\n\n\n\n<figure class=\"wp-block-image size-large\"><img loading=\"lazy\" decoding=\"async\" width=\"1024\" height=\"1024\" data-id=\"169\" src=\"https:\/\/www.coronableibt-wasgeht.de\/wp-content\/uploads\/2022\/01\/Planerladen_Socialmedia_Instagram_Wohnen_Galleryslider_3er_03-1024x1024.jpg\" alt=\"\" class=\"wp-image-169\" srcset=\"https:\/\/www.coronableibt-wasgeht.de\/wp-content\/uploads\/2022\/01\/Planerladen_Socialmedia_Instagram_Wohnen_Galleryslider_3er_03-1024x1024.jpg 1024w, https:\/\/www.coronableibt-wasgeht.de\/wp-content\/uploads\/2022\/01\/Planerladen_Socialmedia_Instagram_Wohnen_Galleryslider_3er_03-300x300.jpg 300w, https:\/\/www.coronableibt-wasgeht.de\/wp-content\/uploads\/2022\/01\/Planerladen_Socialmedia_Instagram_Wohnen_Galleryslider_3er_03-150x150.jpg 150w, https:\/\/www.coronableibt-wasgeht.de\/wp-content\/uploads\/2022\/01\/Planerladen_Socialmedia_Instagram_Wohnen_Galleryslider_3er_03-768x768.jpg 768w, https:\/\/www.coronableibt-wasgeht.de\/wp-content\/uploads\/2022\/01\/Planerladen_Socialmedia_Instagram_Wohnen_Galleryslider_3er_03-1536x1536.jpg 1536w, https:\/\/www.coronableibt-wasgeht.de\/wp-content\/uploads\/2022\/01\/Planerladen_Socialmedia_Instagram_Wohnen_Galleryslider_3er_03-2048x2048.jpg 2048w\" sizes=\"auto, (max-width: 1024px) 100vw, 1024px\" \/><\/figure>\n<\/figure>\n\n\n\n<figure class=\"wp-block-gallery has-nested-images columns-default is-cropped wp-block-gallery-3 is-layout-flex wp-block-gallery-is-layout-flex\">\n<figure class=\"wp-block-image size-large\"><img loading=\"lazy\" decoding=\"async\" width=\"1024\" height=\"1024\" data-id=\"307\" src=\"https:\/\/www.coronableibt-wasgeht.de\/wp-content\/uploads\/2022\/01\/Planerladen_Socialmedia_Instagram_Schule_Galleryslider_3er_01-1-1024x1024.jpg\" alt=\"\" class=\"wp-image-307\" srcset=\"https:\/\/www.coronableibt-wasgeht.de\/wp-content\/uploads\/2022\/01\/Planerladen_Socialmedia_Instagram_Schule_Galleryslider_3er_01-1-1024x1024.jpg 1024w, https:\/\/www.coronableibt-wasgeht.de\/wp-content\/uploads\/2022\/01\/Planerladen_Socialmedia_Instagram_Schule_Galleryslider_3er_01-1-300x300.jpg 300w, https:\/\/www.coronableibt-wasgeht.de\/wp-content\/uploads\/2022\/01\/Planerladen_Socialmedia_Instagram_Schule_Galleryslider_3er_01-1-150x150.jpg 150w, https:\/\/www.coronableibt-wasgeht.de\/wp-content\/uploads\/2022\/01\/Planerladen_Socialmedia_Instagram_Schule_Galleryslider_3er_01-1-768x768.jpg 768w, https:\/\/www.coronableibt-wasgeht.de\/wp-content\/uploads\/2022\/01\/Planerladen_Socialmedia_Instagram_Schule_Galleryslider_3er_01-1-1536x1536.jpg 1536w, https:\/\/www.coronableibt-wasgeht.de\/wp-content\/uploads\/2022\/01\/Planerladen_Socialmedia_Instagram_Schule_Galleryslider_3er_01-1-2048x2048.jpg 2048w\" sizes=\"auto, (max-width: 1024px) 100vw, 1024px\" \/><\/figure>\n\n\n\n<figure class=\"wp-block-image size-large\"><img loading=\"lazy\" decoding=\"async\" width=\"1024\" height=\"1024\" data-id=\"308\" src=\"https:\/\/www.coronableibt-wasgeht.de\/wp-content\/uploads\/2022\/01\/Planerladen_Socialmedia_Instagram_Schule_Galleryslider_3er_02-1-1024x1024.jpg\" alt=\"\" class=\"wp-image-308\" srcset=\"https:\/\/www.coronableibt-wasgeht.de\/wp-content\/uploads\/2022\/01\/Planerladen_Socialmedia_Instagram_Schule_Galleryslider_3er_02-1-1024x1024.jpg 1024w, https:\/\/www.coronableibt-wasgeht.de\/wp-content\/uploads\/2022\/01\/Planerladen_Socialmedia_Instagram_Schule_Galleryslider_3er_02-1-300x300.jpg 300w, https:\/\/www.coronableibt-wasgeht.de\/wp-content\/uploads\/2022\/01\/Planerladen_Socialmedia_Instagram_Schule_Galleryslider_3er_02-1-150x150.jpg 150w, https:\/\/www.coronableibt-wasgeht.de\/wp-content\/uploads\/2022\/01\/Planerladen_Socialmedia_Instagram_Schule_Galleryslider_3er_02-1-768x768.jpg 768w, https:\/\/www.coronableibt-wasgeht.de\/wp-content\/uploads\/2022\/01\/Planerladen_Socialmedia_Instagram_Schule_Galleryslider_3er_02-1-1536x1536.jpg 1536w, https:\/\/www.coronableibt-wasgeht.de\/wp-content\/uploads\/2022\/01\/Planerladen_Socialmedia_Instagram_Schule_Galleryslider_3er_02-1-2048x2048.jpg 2048w\" sizes=\"auto, (max-width: 1024px) 100vw, 1024px\" \/><\/figure>\n\n\n\n<figure class=\"wp-block-image size-large\"><img loading=\"lazy\" decoding=\"async\" width=\"1024\" height=\"1024\" data-id=\"309\" src=\"https:\/\/www.coronableibt-wasgeht.de\/wp-content\/uploads\/2022\/01\/Planerladen_Socialmedia_Instagram_Schule_Galleryslider_3er_03-1-1024x1024.jpg\" alt=\"\" class=\"wp-image-309\" srcset=\"https:\/\/www.coronableibt-wasgeht.de\/wp-content\/uploads\/2022\/01\/Planerladen_Socialmedia_Instagram_Schule_Galleryslider_3er_03-1-1024x1024.jpg 1024w, https:\/\/www.coronableibt-wasgeht.de\/wp-content\/uploads\/2022\/01\/Planerladen_Socialmedia_Instagram_Schule_Galleryslider_3er_03-1-300x300.jpg 300w, https:\/\/www.coronableibt-wasgeht.de\/wp-content\/uploads\/2022\/01\/Planerladen_Socialmedia_Instagram_Schule_Galleryslider_3er_03-1-150x150.jpg 150w, https:\/\/www.coronableibt-wasgeht.de\/wp-content\/uploads\/2022\/01\/Planerladen_Socialmedia_Instagram_Schule_Galleryslider_3er_03-1-768x768.jpg 768w, https:\/\/www.coronableibt-wasgeht.de\/wp-content\/uploads\/2022\/01\/Planerladen_Socialmedia_Instagram_Schule_Galleryslider_3er_03-1-1536x1536.jpg 1536w, https:\/\/www.coronableibt-wasgeht.de\/wp-content\/uploads\/2022\/01\/Planerladen_Socialmedia_Instagram_Schule_Galleryslider_3er_03-1-2048x2048.jpg 2048w\" sizes=\"auto, (max-width: 1024px) 100vw, 1024px\" \/><\/figure>\n<\/figure>\n","protected":false},"excerpt":{"rendered":"<p>Material Wir freuen uns, wenn die Kampagne \u00fcber die g\u00e4ngigen Kan\u00e4le geteilt wird. Hier finden Sie Download-Material, das Ihnen das Unterst\u00fctzen leichter machen sollen. Links: www.coronableibt-wasgeht.dewww.planerladen.de Social Media:https:\/\/www.instagram.com\/coronableibt_wasgeht\/#coronableibtwasgeht<\/p>\n","protected":false},"author":1,"featured_media":0,"parent":0,"menu_order":0,"comment_status":"closed","ping_status":"closed","template":"","meta":{"footnotes":""},"class_list":["post-95","page","type-page","status-publish","hentry"],"yoast_head":"<!-- This site is optimized with the Yoast SEO plugin v18.0 - https:\/\/yoast.com\/wordpress\/plugins\/seo\/ -->\n<title>Material - Corona bleibt - Was geht?<\/title>\n<meta name=\"description\" content=\"Wir freuen uns, wenn Sie auf die Kampagne aufmerksam machen. Hier finden Sie das n\u00f6tige Material, um die Message zu streuen.\" \/>\n<meta name=\"robots\" content=\"index, follow, max-snippet:-1, max-image-preview:large, max-video-preview:-1\" \/>\n<link rel=\"canonical\" href=\"https:\/\/www.coronableibt-wasgeht.de\/index.php\/material\/\" \/>\n<meta property=\"og:locale\" content=\"de_DE\" \/>\n<meta property=\"og:type\" content=\"article\" \/>\n<meta property=\"og:title\" content=\"Material - Corona bleibt - Was geht?\" \/>\n<meta property=\"og:description\" content=\"Wir freuen uns, wenn Sie auf die Kampagne aufmerksam machen. Hier finden Sie das n\u00f6tige Material, um die Message zu streuen.\" \/>\n<meta property=\"og:url\" content=\"https:\/\/www.coronableibt-wasgeht.de\/index.php\/material\/\" \/>\n<meta property=\"og:site_name\" content=\"Corona bleibt - Was geht?\" \/>\n<meta property=\"article:modified_time\" content=\"2022-01-26T08:48:32+00:00\" \/>\n<meta property=\"og:image\" content=\"https:\/\/www.coronableibt-wasgeht.de\/wp-content\/uploads\/2022\/01\/Planerladen_Socialmedia_Instagram_Systemrelevanz_Galleryslider_3er_01-1024x1024.jpg\" \/>\n<meta name=\"twitter:card\" content=\"summary_large_image\" \/>\n<meta name=\"twitter:label1\" content=\"Gesch\u00e4tzte Lesezeit\" \/>\n\t<meta name=\"twitter:data1\" content=\"2\u00a0Minuten\" \/>\n<script type=\"application\/ld+json\" class=\"yoast-schema-graph\">{\"@context\":\"https:\/\/schema.org\",\"@graph\":[{\"@type\":\"Organization\",\"@id\":\"https:\/\/www.coronableibt-wasgeht.de\/#organization\",\"name\":\"Planerladen gGmbH\",\"url\":\"https:\/\/www.coronableibt-wasgeht.de\/\",\"sameAs\":[\"https:\/\/www.instagram.com\/coronableibt_wasgeht\/\"],\"logo\":{\"@type\":\"ImageObject\",\"@id\":\"https:\/\/www.coronableibt-wasgeht.de\/#logo\",\"inLanguage\":\"de\",\"url\":\"https:\/\/www.coronableibt-wasgeht.de\/wp-content\/uploads\/2022\/01\/Logo-Planerladen-2016.png\",\"contentUrl\":\"https:\/\/www.coronableibt-wasgeht.de\/wp-content\/uploads\/2022\/01\/Logo-Planerladen-2016.png\",\"width\":274,\"height\":274,\"caption\":\"Planerladen gGmbH\"},\"image\":{\"@id\":\"https:\/\/www.coronableibt-wasgeht.de\/#logo\"}},{\"@type\":\"WebSite\",\"@id\":\"https:\/\/www.coronableibt-wasgeht.de\/#website\",\"url\":\"https:\/\/www.coronableibt-wasgeht.de\/\",\"name\":\"Corona bleibt - Was geht?\",\"description\":\"Die Krise trifft NICHT alle gleich.\",\"publisher\":{\"@id\":\"https:\/\/www.coronableibt-wasgeht.de\/#organization\"},\"potentialAction\":[{\"@type\":\"SearchAction\",\"target\":{\"@type\":\"EntryPoint\",\"urlTemplate\":\"https:\/\/www.coronableibt-wasgeht.de\/?s={search_term_string}\"},\"query-input\":\"required name=search_term_string\"}],\"inLanguage\":\"de\"},{\"@type\":\"ImageObject\",\"@id\":\"https:\/\/www.coronableibt-wasgeht.de\/index.php\/material\/#primaryimage\",\"inLanguage\":\"de\",\"url\":\"https:\/\/www.coronableibt-wasgeht.de\/wp-content\/uploads\/2022\/01\/Planerladen_Socialmedia_Instagram_Systemrelevanz_Galleryslider_3er_01-1024x1024.jpg\",\"contentUrl\":\"https:\/\/www.coronableibt-wasgeht.de\/wp-content\/uploads\/2022\/01\/Planerladen_Socialmedia_Instagram_Systemrelevanz_Galleryslider_3er_01-1024x1024.jpg\"},{\"@type\":\"WebPage\",\"@id\":\"https:\/\/www.coronableibt-wasgeht.de\/index.php\/material\/#webpage\",\"url\":\"https:\/\/www.coronableibt-wasgeht.de\/index.php\/material\/\",\"name\":\"Material - Corona bleibt - Was geht?\",\"isPartOf\":{\"@id\":\"https:\/\/www.coronableibt-wasgeht.de\/#website\"},\"primaryImageOfPage\":{\"@id\":\"https:\/\/www.coronableibt-wasgeht.de\/index.php\/material\/#primaryimage\"},\"datePublished\":\"2022-01-23T15:18:45+00:00\",\"dateModified\":\"2022-01-26T08:48:32+00:00\",\"description\":\"Wir freuen uns, wenn Sie auf die Kampagne aufmerksam machen. Hier finden Sie das n\u00f6tige Material, um die Message zu streuen.\",\"breadcrumb\":{\"@id\":\"https:\/\/www.coronableibt-wasgeht.de\/index.php\/material\/#breadcrumb\"},\"inLanguage\":\"de\",\"potentialAction\":[{\"@type\":\"ReadAction\",\"target\":[\"https:\/\/www.coronableibt-wasgeht.de\/index.php\/material\/\"]}]},{\"@type\":\"BreadcrumbList\",\"@id\":\"https:\/\/www.coronableibt-wasgeht.de\/index.php\/material\/#breadcrumb\",\"itemListElement\":[{\"@type\":\"ListItem\",\"position\":1,\"name\":\"Startseite\",\"item\":\"https:\/\/www.coronableibt-wasgeht.de\/\"},{\"@type\":\"ListItem\",\"position\":2,\"name\":\"Material\"}]}]}<\/script>\n<!-- \/ Yoast SEO plugin. -->","yoast_head_json":{"title":"Material - Corona bleibt - Was geht?","description":"Wir freuen uns, wenn Sie auf die Kampagne aufmerksam machen. Hier finden Sie das n\u00f6tige Material, um die Message zu streuen.","robots":{"index":"index","follow":"follow","max-snippet":"max-snippet:-1","max-image-preview":"max-image-preview:large","max-video-preview":"max-video-preview:-1"},"canonical":"https:\/\/www.coronableibt-wasgeht.de\/index.php\/material\/","og_locale":"de_DE","og_type":"article","og_title":"Material - Corona bleibt - Was geht?","og_description":"Wir freuen uns, wenn Sie auf die Kampagne aufmerksam machen. Hier finden Sie das n\u00f6tige Material, um die Message zu streuen.","og_url":"https:\/\/www.coronableibt-wasgeht.de\/index.php\/material\/","og_site_name":"Corona bleibt - Was geht?","article_modified_time":"2022-01-26T08:48:32+00:00","og_image":[{"url":"https:\/\/www.coronableibt-wasgeht.de\/wp-content\/uploads\/2022\/01\/Planerladen_Socialmedia_Instagram_Systemrelevanz_Galleryslider_3er_01-1024x1024.jpg"}],"twitter_card":"summary_large_image","twitter_misc":{"Gesch\u00e4tzte Lesezeit":"2\u00a0Minuten"},"schema":{"@context":"https:\/\/schema.org","@graph":[{"@type":"Organization","@id":"https:\/\/www.coronableibt-wasgeht.de\/#organization","name":"Planerladen gGmbH","url":"https:\/\/www.coronableibt-wasgeht.de\/","sameAs":["https:\/\/www.instagram.com\/coronableibt_wasgeht\/"],"logo":{"@type":"ImageObject","@id":"https:\/\/www.coronableibt-wasgeht.de\/#logo","inLanguage":"de","url":"https:\/\/www.coronableibt-wasgeht.de\/wp-content\/uploads\/2022\/01\/Logo-Planerladen-2016.png","contentUrl":"https:\/\/www.coronableibt-wasgeht.de\/wp-content\/uploads\/2022\/01\/Logo-Planerladen-2016.png","width":274,"height":274,"caption":"Planerladen gGmbH"},"image":{"@id":"https:\/\/www.coronableibt-wasgeht.de\/#logo"}},{"@type":"WebSite","@id":"https:\/\/www.coronableibt-wasgeht.de\/#website","url":"https:\/\/www.coronableibt-wasgeht.de\/","name":"Corona bleibt - Was geht?","description":"Die Krise trifft NICHT alle gleich.","publisher":{"@id":"https:\/\/www.coronableibt-wasgeht.de\/#organization"},"potentialAction":[{"@type":"SearchAction","target":{"@type":"EntryPoint","urlTemplate":"https:\/\/www.coronableibt-wasgeht.de\/?s={search_term_string}"},"query-input":"required name=search_term_string"}],"inLanguage":"de"},{"@type":"ImageObject","@id":"https:\/\/www.coronableibt-wasgeht.de\/index.php\/material\/#primaryimage","inLanguage":"de","url":"https:\/\/www.coronableibt-wasgeht.de\/wp-content\/uploads\/2022\/01\/Planerladen_Socialmedia_Instagram_Systemrelevanz_Galleryslider_3er_01-1024x1024.jpg","contentUrl":"https:\/\/www.coronableibt-wasgeht.de\/wp-content\/uploads\/2022\/01\/Planerladen_Socialmedia_Instagram_Systemrelevanz_Galleryslider_3er_01-1024x1024.jpg"},{"@type":"WebPage","@id":"https:\/\/www.coronableibt-wasgeht.de\/index.php\/material\/#webpage","url":"https:\/\/www.coronableibt-wasgeht.de\/index.php\/material\/","name":"Material - Corona bleibt - Was geht?","isPartOf":{"@id":"https:\/\/www.coronableibt-wasgeht.de\/#website"},"primaryImageOfPage":{"@id":"https:\/\/www.coronableibt-wasgeht.de\/index.php\/material\/#primaryimage"},"datePublished":"2022-01-23T15:18:45+00:00","dateModified":"2022-01-26T08:48:32+00:00","description":"Wir freuen uns, wenn Sie auf die Kampagne aufmerksam machen. Hier finden Sie das n\u00f6tige Material, um die Message zu streuen.","breadcrumb":{"@id":"https:\/\/www.coronableibt-wasgeht.de\/index.php\/material\/#breadcrumb"},"inLanguage":"de","potentialAction":[{"@type":"ReadAction","target":["https:\/\/www.coronableibt-wasgeht.de\/index.php\/material\/"]}]},{"@type":"BreadcrumbList","@id":"https:\/\/www.coronableibt-wasgeht.de\/index.php\/material\/#breadcrumb","itemListElement":[{"@type":"ListItem","position":1,"name":"Startseite","item":"https:\/\/www.coronableibt-wasgeht.de\/"},{"@type":"ListItem","position":2,"name":"Material"}]}]}},"_links":{"self":[{"href":"https:\/\/www.coronableibt-wasgeht.de\/index.php\/wp-json\/wp\/v2\/pages\/95","targetHints":{"allow":["GET"]}}],"collection":[{"href":"https:\/\/www.coronableibt-wasgeht.de\/index.php\/wp-json\/wp\/v2\/pages"}],"about":[{"href":"https:\/\/www.coronableibt-wasgeht.de\/index.php\/wp-json\/wp\/v2\/types\/page"}],"author":[{"embeddable":true,"href":"https:\/\/www.coronableibt-wasgeht.de\/index.php\/wp-json\/wp\/v2\/users\/1"}],"replies":[{"embeddable":true,"href":"https:\/\/www.coronableibt-wasgeht.de\/index.php\/wp-json\/wp\/v2\/comments?post=95"}],"version-history":[{"count":11,"href":"https:\/\/www.coronableibt-wasgeht.de\/index.php\/wp-json\/wp\/v2\/pages\/95\/revisions"}],"predecessor-version":[{"id":320,"href":"https:\/\/www.coronableibt-wasgeht.de\/index.php\/wp-json\/wp\/v2\/pages\/95\/revisions\/320"}],"wp:attachment":[{"href":"https:\/\/www.coronableibt-wasgeht.de\/index.php\/wp-json\/wp\/v2\/media?parent=95"}],"curies":[{"name":"wp","href":"https:\/\/api.w.org\/{rel}","templated":true}]}}