{"id":89,"date":"2022-01-23T15:18:21","date_gmt":"2022-01-23T15:18:21","guid":{"rendered":"https:\/\/planerladen-corona.local\/?page_id=89"},"modified":"2024-10-10T12:05:38","modified_gmt":"2024-10-10T10:05:38","slug":"impressum","status":"publish","type":"page","link":"https:\/\/www.coronableibt-wasgeht.de\/index.php\/impressum\/","title":{"rendered":"Impressum"},"content":{"rendered":"\n<h3 class=\"wp-block-heading\"><strong>I<\/strong>mpressum<br><\/h3>\n\n\n\n<p><strong>Angaben gem\u00e4\u00df \u00a7 5 TMG<\/strong><\/p>\n\n\n\n<blockquote class=\"wp-block-quote is-layout-flow wp-block-quote-is-layout-flow\">\n<p><strong>Planerladen gGmbH<br><\/strong>R\u00fcckertstr. 28<br>D-44147 Dortmund<br>Tel.: +49 (0) 231 828362<br>E-Mail:\u00a0<a href=\"mailto:info@planerladen.de\">info@planerladen.de<\/a><\/p>\n<\/blockquote>\n\n\n\n<p>Handelsregister: HRB 33285<br>Registergericht: Amtsgericht Dortmund<\/p>\n\n\n\n<p>Vertreten durch: Anne Schl\u00f6sser<\/p>\n\n\n\n<p>Redaktionell verantwortlich: Anne Schl\u00f6sser (Anschrift wie oben)<\/p>\n\n\n\n<p>Haftungshinweis: Wir \u00fcbernehmen keine Haftung f\u00fcr die Inhalte externer Links. F\u00fcr den Inhalt der verlinkten Seiten sind ausschlie\u00dflich deren Betreiber verantwortlich.<\/p>\n\n\n\n<p>Gestaltung &amp; Programmierung:&nbsp;<br>Florida Brand Design <br>Prinz-Friedrich-Karl-Str. 34<br>44135 Dortmund<br><a href=\"http:\/\/www.floridabranddesign.de\" target=\"_blank\" rel=\"noreferrer noopener\">www.floridabranddesign.de <\/a><\/p>\n","protected":false},"excerpt":{"rendered":"<p>Impressum Angaben gem\u00e4\u00df \u00a7 5 TMG Planerladen gGmbHR\u00fcckertstr. 28D-44147 DortmundTel.: +49 (0) 231 828362E-Mail:\u00a0info@planerladen.de Handelsregister: HRB 33285Registergericht: Amtsgericht Dortmund Vertreten durch: Anne Schl\u00f6sser Redaktionell verantwortlich: Anne Schl\u00f6sser (Anschrift wie oben) Haftungshinweis: Wir \u00fcbernehmen keine Haftung f\u00fcr die Inhalte externer Links. F\u00fcr den Inhalt der verlinkten Seiten sind ausschlie\u00dflich deren Betreiber verantwortlich. Gestaltung &amp; Programmierung:&nbsp;Florida Brand [&hellip;]<\/p>\n","protected":false},"author":1,"featured_media":0,"parent":0,"menu_order":0,"comment_status":"closed","ping_status":"closed","template":"","meta":{"footnotes":""},"class_list":["post-89","page","type-page","status-publish","hentry"],"yoast_head":"<!-- This site is optimized with the Yoast SEO plugin v18.0 - https:\/\/yoast.com\/wordpress\/plugins\/seo\/ -->\n<title>Impressum - Corona bleibt - Was geht?<\/title>\n<meta name=\"description\" content=\"Wer ist der Absender dieser Website und f\u00fcr die Gestaltung und Programmierung zust\u00e4ndig? Diese Informationen finden Sie hier.\" \/>\n<meta name=\"robots\" content=\"index, follow, max-snippet:-1, max-image-preview:large, max-video-preview:-1\" \/>\n<link rel=\"canonical\" href=\"https:\/\/www.coronableibt-wasgeht.de\/index.php\/impressum\/\" \/>\n<meta property=\"og:locale\" content=\"de_DE\" \/>\n<meta property=\"og:type\" content=\"article\" \/>\n<meta property=\"og:title\" content=\"Impressum - Corona bleibt - Was geht?\" \/>\n<meta property=\"og:description\" content=\"Wer ist der Absender dieser Website und f\u00fcr die Gestaltung und Programmierung zust\u00e4ndig? Diese Informationen finden Sie hier.\" \/>\n<meta property=\"og:url\" content=\"https:\/\/www.coronableibt-wasgeht.de\/index.php\/impressum\/\" \/>\n<meta property=\"og:site_name\" content=\"Corona bleibt - Was geht?\" \/>\n<meta property=\"article:modified_time\" content=\"2024-10-10T10:05:38+00:00\" \/>\n<meta property=\"og:image\" content=\"https:\/\/www.coronableibt-wasgeht.de\/wp-content\/uploads\/2022\/01\/Florida_Planerladen_Social_Media_Profilbilder_LY016.jpg\" \/>\n\t<meta property=\"og:image:width\" content=\"1708\" \/>\n\t<meta property=\"og:image:height\" content=\"650\" \/>\n\t<meta property=\"og:image:type\" content=\"image\/jpeg\" \/>\n<meta name=\"twitter:card\" content=\"summary_large_image\" \/>\n<meta name=\"twitter:label1\" content=\"Gesch\u00e4tzte Lesezeit\" \/>\n\t<meta name=\"twitter:data1\" content=\"1\u00a0Minute\" \/>\n<script type=\"application\/ld+json\" class=\"yoast-schema-graph\">{\"@context\":\"https:\/\/schema.org\",\"@graph\":[{\"@type\":\"Organization\",\"@id\":\"https:\/\/www.coronableibt-wasgeht.de\/#organization\",\"name\":\"Planerladen gGmbH\",\"url\":\"https:\/\/www.coronableibt-wasgeht.de\/\",\"sameAs\":[\"https:\/\/www.instagram.com\/coronableibt_wasgeht\/\"],\"logo\":{\"@type\":\"ImageObject\",\"@id\":\"https:\/\/www.coronableibt-wasgeht.de\/#logo\",\"inLanguage\":\"de\",\"url\":\"https:\/\/www.coronableibt-wasgeht.de\/wp-content\/uploads\/2022\/01\/Logo-Planerladen-2016.png\",\"contentUrl\":\"https:\/\/www.coronableibt-wasgeht.de\/wp-content\/uploads\/2022\/01\/Logo-Planerladen-2016.png\",\"width\":274,\"height\":274,\"caption\":\"Planerladen gGmbH\"},\"image\":{\"@id\":\"https:\/\/www.coronableibt-wasgeht.de\/#logo\"}},{\"@type\":\"WebSite\",\"@id\":\"https:\/\/www.coronableibt-wasgeht.de\/#website\",\"url\":\"https:\/\/www.coronableibt-wasgeht.de\/\",\"name\":\"Corona bleibt - Was geht?\",\"description\":\"Die Krise trifft NICHT alle gleich.\",\"publisher\":{\"@id\":\"https:\/\/www.coronableibt-wasgeht.de\/#organization\"},\"potentialAction\":[{\"@type\":\"SearchAction\",\"target\":{\"@type\":\"EntryPoint\",\"urlTemplate\":\"https:\/\/www.coronableibt-wasgeht.de\/?s={search_term_string}\"},\"query-input\":\"required name=search_term_string\"}],\"inLanguage\":\"de\"},{\"@type\":\"WebPage\",\"@id\":\"https:\/\/www.coronableibt-wasgeht.de\/index.php\/impressum\/#webpage\",\"url\":\"https:\/\/www.coronableibt-wasgeht.de\/index.php\/impressum\/\",\"name\":\"Impressum - Corona bleibt - Was geht?\",\"isPartOf\":{\"@id\":\"https:\/\/www.coronableibt-wasgeht.de\/#website\"},\"datePublished\":\"2022-01-23T15:18:21+00:00\",\"dateModified\":\"2024-10-10T10:05:38+00:00\",\"description\":\"Wer ist der Absender dieser Website und f\u00fcr die Gestaltung und Programmierung zust\u00e4ndig? Diese Informationen finden Sie hier.\",\"breadcrumb\":{\"@id\":\"https:\/\/www.coronableibt-wasgeht.de\/index.php\/impressum\/#breadcrumb\"},\"inLanguage\":\"de\",\"potentialAction\":[{\"@type\":\"ReadAction\",\"target\":[\"https:\/\/www.coronableibt-wasgeht.de\/index.php\/impressum\/\"]}]},{\"@type\":\"BreadcrumbList\",\"@id\":\"https:\/\/www.coronableibt-wasgeht.de\/index.php\/impressum\/#breadcrumb\",\"itemListElement\":[{\"@type\":\"ListItem\",\"position\":1,\"name\":\"Startseite\",\"item\":\"https:\/\/www.coronableibt-wasgeht.de\/\"},{\"@type\":\"ListItem\",\"position\":2,\"name\":\"Impressum\"}]}]}<\/script>\n<!-- \/ Yoast SEO plugin. -->","yoast_head_json":{"title":"Impressum - Corona bleibt - Was geht?","description":"Wer ist der Absender dieser Website und f\u00fcr die Gestaltung und Programmierung zust\u00e4ndig? Diese Informationen finden Sie hier.","robots":{"index":"index","follow":"follow","max-snippet":"max-snippet:-1","max-image-preview":"max-image-preview:large","max-video-preview":"max-video-preview:-1"},"canonical":"https:\/\/www.coronableibt-wasgeht.de\/index.php\/impressum\/","og_locale":"de_DE","og_type":"article","og_title":"Impressum - Corona bleibt - Was geht?","og_description":"Wer ist der Absender dieser Website und f\u00fcr die Gestaltung und Programmierung zust\u00e4ndig? Diese Informationen finden Sie hier.","og_url":"https:\/\/www.coronableibt-wasgeht.de\/index.php\/impressum\/","og_site_name":"Corona bleibt - Was geht?","article_modified_time":"2024-10-10T10:05:38+00:00","og_image":[{"width":1708,"height":650,"url":"https:\/\/www.coronableibt-wasgeht.de\/wp-content\/uploads\/2022\/01\/Florida_Planerladen_Social_Media_Profilbilder_LY016.jpg","type":"image\/jpeg"}],"twitter_card":"summary_large_image","twitter_misc":{"Gesch\u00e4tzte Lesezeit":"1\u00a0Minute"},"schema":{"@context":"https:\/\/schema.org","@graph":[{"@type":"Organization","@id":"https:\/\/www.coronableibt-wasgeht.de\/#organization","name":"Planerladen gGmbH","url":"https:\/\/www.coronableibt-wasgeht.de\/","sameAs":["https:\/\/www.instagram.com\/coronableibt_wasgeht\/"],"logo":{"@type":"ImageObject","@id":"https:\/\/www.coronableibt-wasgeht.de\/#logo","inLanguage":"de","url":"https:\/\/www.coronableibt-wasgeht.de\/wp-content\/uploads\/2022\/01\/Logo-Planerladen-2016.png","contentUrl":"https:\/\/www.coronableibt-wasgeht.de\/wp-content\/uploads\/2022\/01\/Logo-Planerladen-2016.png","width":274,"height":274,"caption":"Planerladen gGmbH"},"image":{"@id":"https:\/\/www.coronableibt-wasgeht.de\/#logo"}},{"@type":"WebSite","@id":"https:\/\/www.coronableibt-wasgeht.de\/#website","url":"https:\/\/www.coronableibt-wasgeht.de\/","name":"Corona bleibt - Was geht?","description":"Die Krise trifft NICHT alle gleich.","publisher":{"@id":"https:\/\/www.coronableibt-wasgeht.de\/#organization"},"potentialAction":[{"@type":"SearchAction","target":{"@type":"EntryPoint","urlTemplate":"https:\/\/www.coronableibt-wasgeht.de\/?s={search_term_string}"},"query-input":"required name=search_term_string"}],"inLanguage":"de"},{"@type":"WebPage","@id":"https:\/\/www.coronableibt-wasgeht.de\/index.php\/impressum\/#webpage","url":"https:\/\/www.coronableibt-wasgeht.de\/index.php\/impressum\/","name":"Impressum - Corona bleibt - Was geht?","isPartOf":{"@id":"https:\/\/www.coronableibt-wasgeht.de\/#website"},"datePublished":"2022-01-23T15:18:21+00:00","dateModified":"2024-10-10T10:05:38+00:00","description":"Wer ist der Absender dieser Website und f\u00fcr die Gestaltung und Programmierung zust\u00e4ndig? Diese Informationen finden Sie hier.","breadcrumb":{"@id":"https:\/\/www.coronableibt-wasgeht.de\/index.php\/impressum\/#breadcrumb"},"inLanguage":"de","potentialAction":[{"@type":"ReadAction","target":["https:\/\/www.coronableibt-wasgeht.de\/index.php\/impressum\/"]}]},{"@type":"BreadcrumbList","@id":"https:\/\/www.coronableibt-wasgeht.de\/index.php\/impressum\/#breadcrumb","itemListElement":[{"@type":"ListItem","position":1,"name":"Startseite","item":"https:\/\/www.coronableibt-wasgeht.de\/"},{"@type":"ListItem","position":2,"name":"Impressum"}]}]}},"_links":{"self":[{"href":"https:\/\/www.coronableibt-wasgeht.de\/index.php\/wp-json\/wp\/v2\/pages\/89","targetHints":{"allow":["GET"]}}],"collection":[{"href":"https:\/\/www.coronableibt-wasgeht.de\/index.php\/wp-json\/wp\/v2\/pages"}],"about":[{"href":"https:\/\/www.coronableibt-wasgeht.de\/index.php\/wp-json\/wp\/v2\/types\/page"}],"author":[{"embeddable":true,"href":"https:\/\/www.coronableibt-wasgeht.de\/index.php\/wp-json\/wp\/v2\/users\/1"}],"replies":[{"embeddable":true,"href":"https:\/\/www.coronableibt-wasgeht.de\/index.php\/wp-json\/wp\/v2\/comments?post=89"}],"version-history":[{"count":4,"href":"https:\/\/www.coronableibt-wasgeht.de\/index.php\/wp-json\/wp\/v2\/pages\/89\/revisions"}],"predecessor-version":[{"id":367,"href":"https:\/\/www.coronableibt-wasgeht.de\/index.php\/wp-json\/wp\/v2\/pages\/89\/revisions\/367"}],"wp:attachment":[{"href":"https:\/\/www.coronableibt-wasgeht.de\/index.php\/wp-json\/wp\/v2\/media?parent=89"}],"curies":[{"name":"wp","href":"https:\/\/api.w.org\/{rel}","templated":true}]}}